{"id":732,"date":"2025-05-16T16:57:01","date_gmt":"2025-05-16T19:57:01","guid":{"rendered":"https:\/\/www.tavernelechatnoir.com.br\/reservas\/?page_id=732"},"modified":"2025-05-29T21:06:38","modified_gmt":"2025-05-30T00:06:38","slug":"diadosnamorados","status":"publish","type":"page","link":"https:\/\/www.tavernelechatnoir.com.br\/reservas\/diadosnamorados\/","title":{"rendered":"Dia dos Namorados"},"content":{"rendered":"\n\n\t\t\t\t<img decoding=\"async\" src=\"https:\/\/www.tavernelechatnoir.com.br\/reservas\/wp-content\/uploads\/2024\/07\/logo.png\" alt=\"logo\" itemprop=\"image\" height=\"75\" width=\"309\" title=\"logo\" onerror=\"this.style.display='none'\" loading='lazy' \/>\n\t<h2>Dia dos Namorados<\/h2>\n\t\t\t\t<p>Preparamos uma experi\u00eancia inesquec\u00edvel para os casais apaixonados celebrarem o<br \/>Dia dos Namorados no clima m\u00e1gico da nossa Taverne.<\/p>\n\t<h2>Mesas Limitadas!<\/h2>\n\t\t\t<a href=\"#RESERVA\" title=\"Click Here\" target=\"_self\"   role=\"button\" aria-label=\"RESERVAR AGORA\">\n\t\t\t\t\t\t\tRESERVAR AGORA\n\t\t<\/a>\n\t\t\t<h3>SOBRE A EXPERI\u00caNCIA<\/h3>\t\t\t\n\t\t\t\t<p>Preparamos uma <strong>experi\u00eancia \u00fanica<\/strong> para que voc\u00ea comemore o <strong>Dia dos Namorados<\/strong> com o seu amor no dia <strong>12\/06!<\/strong><\/p>\n<p>Nossos sal\u00f5es estar\u00e3o <strong>decorados<\/strong> para a ocasi\u00e3o, esperando por voc\u00ea e pelo seu amor! Al\u00e9m disso, preparamos uma <strong>lembran\u00e7a<\/strong> fant\u00e1stica deste momento para que voc\u00ea leve para casa como <strong>recorda\u00e7\u00e3o<\/strong>.<\/p>\n<p>Neste dia funcionaremos <strong>APENAS<\/strong> atrav\u00e9s de reserva com pagamento antecipado.<br \/>Para este dia especial, o nosso atendimento ser\u00e1 apenas com a Sequ\u00eancia de Fondue.<\/p>\n<p>Nossa Sequ\u00eancia de Fondue \u00e9 <strong>COMPLETA<\/strong> e com <strong>REPOSI\u00c7\u00c3O LIVRE<\/strong>!<\/p>\n\t<ul>\n\t\t<li>\t\t\n\t\t\t\t<img decoding=\"async\" src=\"https:\/\/www.tavernelechatnoir.com.br\/reservas\/wp-content\/uploads\/bb-plugin\/cache\/IMG_3216-scaled-circle.jpg\" alt=\"IMG_3216\" title=\"IMG_3216\" itemprop=\"image\"\/>\n\t\t<h3>FONDUE DE QUEIJO<\/h3><p>Tudo come\u00e7a com uma deliciosa mistura de queijos derretidos, um leve toque de vinho branco e temperos.Para acompanhar, goiabada, p\u00e3ezinhos dormidos, batatinhas baby cozida e legumes.<\/p><\/li><li>\t\t\n\t\t\t\t<img decoding=\"async\" src=\"https:\/\/www.tavernelechatnoir.com.br\/reservas\/wp-content\/uploads\/bb-plugin\/cache\/IMG_3245-scaled-circle.jpg\" alt=\"IMG_3245\" title=\"IMG_3245\" itemprop=\"image\"\/>\n\t\t<h3>FONDUE DE CARNE<\/h3><p>Na segunda etapa da sequ\u00eancia, s\u00e3o servidas os 4 tipos de carnes dispostas em l\u00e2minas incluindo cortes nobres de carne bovina, fil\u00e9 de frango, lombinho su\u00edno e lingui\u00e7a calabresa para grelhar em uma chapa de ferro fundido.Para acompanhar 8 molhos variados e deliciosos.<\/p><\/li><li>\t\t\n\t\t\t\t<img decoding=\"async\" src=\"https:\/\/www.tavernelechatnoir.com.br\/reservas\/wp-content\/uploads\/bb-plugin\/cache\/IMG_3296-scaled-circle.jpg\" alt=\"Sequ\u00eancia de Fondue\" title=\"IMG_3296\" itemprop=\"image\"\/>\n\t\t<h3>FONDUE DE CHOCOLATE<\/h3><p>Na \u00faltima etapa da sequ\u00eancia, um delicioso fondue de chocolate preparado com chocolate puro.Para acompanhar, frutas da esta\u00e7\u00e3o, marshmallow e biscoito waffer.<\/p><\/li>\t<\/ul>\n\t\t\t\t<p>O pacote \u00e9 para duas pessoas e pode ser adquirido nas modalidades <strong>COM<\/strong> ou <strong>SEM<\/strong> bebidas.<\/p>\n\t\t\t<h3>VEJA COMO FOI EM 2024<\/h3>\t\t\t\n\t<h2>GARANTA J\u00c1 O SEU PACOTE DE DIA DOS NAMORADOS<br \/>\nE VENHA CELEBRAR NA TAVERNE!<\/h2>\n\t<h2>Escolha a op\u00e7\u00e3o que melhor atende \u00e0s suas expectativas e fa\u00e7a a sua reserva!<\/h2>\n\t\t\t\t<img decoding=\"async\" src=\"https:\/\/www.tavernelechatnoir.com.br\/reservas\/wp-content\/uploads\/2025\/05\/Reserva-para-Dia-dos-Namorados-na-Taverne-1.jpg\" alt=\"Reserva para Dia dos Namorados na Taverne\" itemprop=\"image\" height=\"1350\" width=\"1080\" title=\"Reserva para Dia dos Namorados na Taverne\" onerror=\"this.style.display='none'\" loading='lazy' \/>\n\t<strong>COM<\/strong> Bebida &gt; R$ 440,00<br \/>\n<strong>SEM<\/strong> Bebida &gt; R$ 350,00\n\t\t\t<a href=\"#\" title=\"Click Here\" target=\"_self\"   role=\"button\" aria-label=\"RESERVAR AGORA\">\n\t\t\t\t\t\t\tRESERVAR AGORA\n\t\t<\/a>\n\t\t\t\t<img decoding=\"async\" src=\"https:\/\/www.tavernelechatnoir.com.br\/reservas\/wp-content\/uploads\/2025\/05\/Reserva-para-Dia-dos-Namorados-na-Taverne-1-1.jpg\" alt=\"Reserva para Dia dos Namorados na Taverne (1)\" itemprop=\"image\" height=\"1350\" width=\"1080\" title=\"Reserva para Dia dos Namorados na Taverne (1)\" onerror=\"this.style.display='none'\" loading='lazy' \/>\n\t<strong>COM<\/strong> Bebida &gt; R$ 440,00<br \/>\n<strong>SEM<\/strong> Bebida &gt; R$ 350,00\n\t\t\t<a href=\"#\" title=\"Click Here\" target=\"_self\"   role=\"button\" aria-label=\"RESERVAR AGORA\">\n\t\t\t\t\t\t\tRESERVAR AGORA\n\t\t<\/a>\n\t<p>Ap\u00f3s sua compra, aproveite e fa\u00e7a a sua avalia\u00e7\u00e3o sobre a Taverne <a href=\"https:\/\/www.google.com\/search?kgmid=\/g\/1pty4pm90&amp;hl=pt-BR&amp;q=Taverne+Le+Chat+Noir&amp;kgs=1b1a383989af6f27&amp;shndl=30&amp;shem=lsde,vslce&amp;source=sh\/x\/loc\/osrp\/m5\/1#\" target=\"_blank\" rel=\"noopener\">AQUI<\/a><\/p>\n\t<h2>FAQ DA TAVERNE<\/h2>\n\tESSAS S\u00c3O AS D\u00daVIDAS MAIS COMUNS DE NOSSOS CLIENTES E AMIGOS PARA O PACOTE DE DIA DOS NAMORADOS.<br \/>\nCASO SUA D\u00daVIDA N\u00c3O ESTEJA AQUI, FIQUE A VONTADE PARA NOS CHAMAR E PERGUNTAR.\n\t\t\t\t\t\t\t\t\t\t<h4 tabindex=\"0\">Qual o valor do pacote para o Dia dos Namorados?<\/h4>\n\t\t\t\t\t<p>Possu\u00edmos 2 tipos de Pacote:<\/p>\n<ul>\n<li>O valor do pacote COM Bebida Incluso \u00e9 de R$ 440,00 para duas pessoas, mediante reserva com pagamento antecipado.<\/li>\n<li>O valor do pacote SEM Bebida Incluso \u00e9 de R$ 350,00 para duas pessoas, mediante reserva com pagamento antecipado.<\/li>\n<\/ul>\n\t\t\t\t\t\t\t\t\t\t<h4 tabindex=\"0\">O que faz parte do pacote COM Bebida?<\/h4>\n\t\t\t\t\tO Pacote inclui:<br \/>\n&#8211; Sequ\u00eancia de Fondue completa com fondue de queijo, fondue de carne e fondue de chocolate, com reposi\u00e7\u00e3o livre;<br \/>\n&#8211; Welcome Drink: 02 (duas) Ta\u00e7as de Espumante;<br \/>\n&#8211; 1 Garrafa de Espumante (Linha Rio Bravo) ou 1 Garrafa de Vinho (Importado);<br \/>\n&#8211; \u00c1gua Mineral (Com ou Sem G\u00e1s) \u00e0 vontade;<br \/>\n&#8211; Ambiente com decora\u00e7\u00e3o;<br \/>\n&#8211; Surpresa da Taverne em comemora\u00e7\u00e3o ao Dia dos Namorados.\nOp\u00e7\u00f5es de Espumantes Linha Rio Bravo:<br \/>\n&#8211; Rio Bravo Moscatel, Demi-Sec, Ros\u00e9 ou Brut.<br \/>\nOp\u00e7\u00f5es de Vinhos Importados:<br \/>\n&#8211; Tinto: El Origen Estate Malbec (Argentina)<br \/>\n&#8211; Branco: Passatempo Grande Escolha (Portugal)<br \/>\n&#8211; Ros\u00e9: Guapi Ros\u00e9 (Chile)\n\t\t\t\t\t\t\t\t\t\t<h4 tabindex=\"0\">O que faz parte do pacote SEM Bebida?<\/h4>\n\t\t\t\t\t<p>O Pacote inclui:<br \/>&#8211; Sequ\u00eancia de Fondue completa com fondue de queijo, fondue de carne e fondue de chocolate, com reposi\u00e7\u00e3o livre;<br \/>&#8211; Ambiente com decora\u00e7\u00e3o;<br \/>&#8211; Surpresa da Taverne em comemora\u00e7\u00e3o ao Dia dos Namorados.<\/p>\n\t\t\t\t\t\t\t\t\t\t<h4 tabindex=\"0\">Quais os acompanhamentos da Sequ\u00eancia de Fondue?<\/h4>\n\t\t\t\t\t<p>No Fondue de Queijo acompanha goiabada, p\u00e3ezinhos dormidos, batatinhas baby cozida e legumes.<\/p>\n<p>O Fondue de Carne \u00e9 servidas com 4 tipos de carnes dispostas em l\u00e2minas incluindo cortes nobres de carne bovina, fil\u00e9 de frango, lombinho su\u00edno e lingui\u00e7a calabresa para grelhar em uma chapa de ferro fundido. Para acompanhar 8 molhos variados e deliciosos.<\/p>\n<p>O Fondue de Chocolate \u00e9 servido acompanhado de frutas da esta\u00e7\u00e3o, marshmallow e biscoito waffer.<\/p>\n\t\t\t\t\t\t\t\t\t\t<h4 tabindex=\"0\">Como fa\u00e7o uma reserva?<\/h4>\n\t\t\t\t\t<p>Para o Dia Dos Namorados, sua reserva ser\u00e1 confirmada ap\u00f3s a compra e confirma\u00e7\u00e3o do pagamento. Voc\u00ea deve acessar a p\u00e1gina da oferta (<a href=\"https:\/\/diadosnamorados.tavernelechatnoir.com.br\/\">clique aqui<\/a>) escolher qual o pacote desejado, finalizar a compra e fazer o pagamento. Lembrando que existe um limite de lugares dispon\u00edveis para este dia, ent\u00e3o n\u00e3o deixe para a \u00faltima hora para fazer a sua reserva.<\/p>\n\t\t\t\t\t\t\t\t\t\t<h4 tabindex=\"0\">Quando poderei usar o pacote de Dia dos Namorados?<\/h4>\n\t\t\t\t\t<p>O Pacote de Dia dos namorados da Taverne Le Chat Noir ser\u00e1 vendido apenas para o dia 12\/06\/2025 e poder\u00e1 ser consumido das 18h30 \u00e0s 23h59.<\/p>\n\t\t\t\t\t\t\t\t\t\t<h4 tabindex=\"0\">N\u00e3o fiz reserva antecipada, posso consumir?<\/h4>\n\t\t\t\t\t<p>Infelizmente N\u00e3o. Para o dia 12\/06\/2025 trabalharemos apenas com reserva e pagamento antecipado.<\/p>\n\t\t\t\t\t\t\t\t\t\t<h4 tabindex=\"0\">Comprei o meu pacote para o Sal\u00e3o Piso Superior, posso usar no Sal\u00e3o Piso T\u00e9rreo?<\/h4>\n\t\t\t\t\t<p>Infelizmente N\u00e3o. Para o dia 12\/06\/2025 trabalharemos com mesas reservadas e marcadas, logo, a quantidade de mesas vendida em cada sal\u00e3o ser\u00e1 fechada. Adiante a sua compra.<\/p>\n\t\t\t\t\t\t\t\t\t\t<h4 tabindex=\"0\">Quais as formas de pagamentos aceitas?<\/h4>\n\t\t\t\t\t<p>Para a oferta de PACOTE DO DIA DOS NAMORADOS, estamos trabalhando apenas com pagamento antecipado via Pix.<\/p>\n\t\t\t\t\t\t\t\t\t\t<h4 tabindex=\"0\">Reservei, paguei antecipado e n\u00e3o vou conseguir ir no dia, o que fazer?<\/h4>\n\t\t\t\t\t<p>Sem problemas, imprevistos acontecem. Por isso, voc\u00ea poder\u00e1 solicitar o seu reembolso completo ou deixar o valor como cr\u00e9dito para uma visita futura a Taverne. Por\u00e9m para garantir uma das op\u00e7\u00f5es acima, precisamos que voc\u00ea nos comunique sobre o n\u00e3o comparecimento at\u00e9 \u00e0s 12h do dia 11\/06\/2025.<\/p>\n\t\t\t\t\t\t\t\t\t\t<h4 tabindex=\"0\">Tem op\u00e7\u00e3o vegetariana na Sequ\u00eancia de Fondue?<\/h4>\n\t\t\t\t\t<p>N\u00e3o temos uma op\u00e7\u00e3o exclusiva, por\u00e9m a nossa Squ\u00eancia de Fondue \u00e9 completa e com reposi\u00e7\u00e3o livre. Os vegetariamos podem desfrutar do fondue de queijo e de chocolate \u00e0 vontade. Os valores s\u00e3o os mesmos.<\/p>\n\t\t\t\t\t\t\t\t\t\t<h4 tabindex=\"0\">Onde fica a Taverne?<\/h4>\n\t\t\t\t\t<p>Estamos localizados no cora\u00e7\u00e3o do bairro Menino Deus em Porto Alegre. Nosso endere\u00e7o \u00e9 Rua Cel. Andr\u00e9 Belo, 433.<\/p>\n\n","protected":false},"excerpt":{"rendered":"<p>Dia dos Namorados Preparamos uma experi\u00eancia inesquec\u00edvel para os casais apaixonados celebrarem oDia dos Namorados no clima m\u00e1gico da nossa Taverne. Mesas Limitadas! RESERVAR AGORA SOBRE A EXPERI\u00caNCIA Preparamos uma experi\u00eancia \u00fanica para que voc\u00ea comemore o Dia dos Namorados com o seu amor no dia 12\/06! Nossos sal\u00f5es estar\u00e3o decorados para a ocasi\u00e3o, esperando [&hellip;]<\/p>\n","protected":false},"author":3,"featured_media":0,"parent":0,"menu_order":0,"comment_status":"closed","ping_status":"closed","template":"","meta":{"site-sidebar-layout":"no-sidebar","site-content-layout":"page-builder","ast-site-content-layout":"full-width-container","site-content-style":"default","site-sidebar-style":"default","ast-global-header-display":"disabled","ast-banner-title-visibility":"","ast-main-header-display":"","ast-hfb-above-header-display":"","ast-hfb-below-header-display":"","ast-hfb-mobile-header-display":"","site-post-title":"disabled","ast-breadcrumbs-content":"","ast-featured-img":"disabled","footer-sml-layout":"disabled","ast-disable-related-posts":"","theme-transparent-header-meta":"","adv-header-id-meta":"","stick-header-meta":"","header-above-stick-meta":"","header-main-stick-meta":"","header-below-stick-meta":"","astra-migrate-meta-layouts":"set","ast-page-background-enabled":"default","ast-page-background-meta":{"desktop":{"background-color":"","background-image":"","background-repeat":"repeat","background-position":"center center","background-size":"auto","background-attachment":"scroll","background-type":"","background-media":"","overlay-type":"","overlay-color":"","overlay-opacity":"","overlay-gradient":""},"tablet":{"background-color":"","background-image":"","background-repeat":"repeat","background-position":"center center","background-size":"auto","background-attachment":"scroll","background-type":"","background-media":"","overlay-type":"","overlay-color":"","overlay-opacity":"","overlay-gradient":""},"mobile":{"background-color":"","background-image":"","background-repeat":"repeat","background-position":"center center","background-size":"auto","background-attachment":"scroll","background-type":"","background-media":"","overlay-type":"","overlay-color":"","overlay-opacity":"","overlay-gradient":""}},"ast-content-background-meta":{"desktop":{"background-color":"var(--ast-global-color-5)","background-image":"","background-repeat":"repeat","background-position":"center center","background-size":"auto","background-attachment":"scroll","background-type":"","background-media":"","overlay-type":"","overlay-color":"","overlay-opacity":"","overlay-gradient":""},"tablet":{"background-color":"var(--ast-global-color-5)","background-image":"","background-repeat":"repeat","background-position":"center center","background-size":"auto","background-attachment":"scroll","background-type":"","background-media":"","overlay-type":"","overlay-color":"","overlay-opacity":"","overlay-gradient":""},"mobile":{"background-color":"var(--ast-global-color-5)","background-image":"","background-repeat":"repeat","background-position":"center center","background-size":"auto","background-attachment":"scroll","background-type":"","background-media":"","overlay-type":"","overlay-color":"","overlay-opacity":"","overlay-gradient":""}},"footnotes":""},"class_list":["post-732","page","type-page","status-publish","hentry"],"_links":{"self":[{"href":"https:\/\/www.tavernelechatnoir.com.br\/reservas\/wp-json\/wp\/v2\/pages\/732","targetHints":{"allow":["GET"]}}],"collection":[{"href":"https:\/\/www.tavernelechatnoir.com.br\/reservas\/wp-json\/wp\/v2\/pages"}],"about":[{"href":"https:\/\/www.tavernelechatnoir.com.br\/reservas\/wp-json\/wp\/v2\/types\/page"}],"author":[{"embeddable":true,"href":"https:\/\/www.tavernelechatnoir.com.br\/reservas\/wp-json\/wp\/v2\/users\/3"}],"replies":[{"embeddable":true,"href":"https:\/\/www.tavernelechatnoir.com.br\/reservas\/wp-json\/wp\/v2\/comments?post=732"}],"version-history":[{"count":32,"href":"https:\/\/www.tavernelechatnoir.com.br\/reservas\/wp-json\/wp\/v2\/pages\/732\/revisions"}],"predecessor-version":[{"id":920,"href":"https:\/\/www.tavernelechatnoir.com.br\/reservas\/wp-json\/wp\/v2\/pages\/732\/revisions\/920"}],"wp:attachment":[{"href":"https:\/\/www.tavernelechatnoir.com.br\/reservas\/wp-json\/wp\/v2\/media?parent=732"}],"curies":[{"name":"wp","href":"https:\/\/api.w.org\/{rel}","templated":true}]}}